{"id":229,"date":"2024-10-18T07:51:26","date_gmt":"2024-10-18T07:51:26","guid":{"rendered":"https:\/\/larhun.eu\/?page_id=229"},"modified":"2024-10-18T17:18:21","modified_gmt":"2024-10-18T17:18:21","slug":"aviso-legal","status":"publish","type":"page","link":"https:\/\/larhun.eu\/?page_id=229","title":{"rendered":"Aviso Legal"},"content":{"rendered":"\t\t<div data-elementor-type=\"wp-page\" data-elementor-id=\"229\" class=\"elementor elementor-229\" data-elementor-post-type=\"page\">\n\t\t\t\t<div class=\"elementor-element elementor-element-9235d6d e-con-full e-flex e-con e-parent\" data-id=\"9235d6d\" data-element_type=\"container\" data-settings=\"{&quot;background_background&quot;:&quot;classic&quot;,&quot;animation&quot;:&quot;none&quot;}\">\n\t\t\t\t<div class=\"elementor-element elementor-element-abbe1b7 elementor-widget elementor-widget-heading\" data-id=\"abbe1b7\" data-element_type=\"widget\" data-widget_type=\"heading.default\">\n\t\t\t\t<div class=\"elementor-widget-container\">\n\t\t\t<h2 class=\"elementor-heading-title elementor-size-default\">Aviso Legal<\/h2>\t\t<\/div>\n\t\t\t\t<\/div>\n\t\t\t\t<\/div>\n\t\t<div class=\"elementor-element elementor-element-ea9f1dd e-flex e-con-boxed e-con e-parent\" data-id=\"ea9f1dd\" data-element_type=\"container\">\n\t\t\t\t\t<div class=\"e-con-inner\">\n\t\t\t\t<div class=\"elementor-element elementor-element-4fa75e1 elementor-widget elementor-widget-text-editor\" data-id=\"4fa75e1\" data-element_type=\"widget\" data-widget_type=\"text-editor.default\">\n\t\t\t\t<div class=\"elementor-widget-container\">\n\t\t\t\t\t\t\t<ol><li><p><b>Identificaci\u00f3n del titular del sitio web<\/b><\/p><\/li><\/ol><ul><li><p><b>Identidad:<\/b> Mission Plan Montagne DGA TEVE<br \/>Territoires, de l\u2019Education et du Vivre Ensemble<\/p><\/li><li><p><b>Direcci\u00f3n postal:\u00a0<\/b>D\u00e9partement des Pyr\u00e9n\u00e9es-Atlantiques <br \/>D\u00e9l\u00e9gation de Bayonne 4 all\u00e9e des Platanes <br \/>64104 Bayonne<\/p><\/li><li><p><b>Tel\u00e9fono:\u00a0<\/b>05 59 46 51 22<\/p><\/li><\/ul><p>\u00a0<\/p><ol start=\"2\"><li><p><b>Objeto<\/b><\/p><\/li><\/ol><p>Este sitio web es una plataforma informativa dedicada a compartir avances, noticias y detalles relevantes sobre Interreg POCTEFA \u2013 LA RHUN-E, un proyecto innovador que emplea la inteligencia artificial para anticipar y manejar el riesgo de inundaciones. El objetivo de este sitio es proporcionar una visi\u00f3n clara y actualizada del desarrollo del proyecto, presentar a los socios implicados y destacar las acciones y eventos relacionados con el macizo de Larhun. Asimismo, busca el desarrollo de investigaciones y obras que permitan mejorar la calidad del medio ambiente general del espacio y crear herramientas de intermediacio\u0301n y sensibilizacio\u0301n.<\/p><p>\u00a0<\/p><ol start=\"3\"><li><p><b>Condiciones de uso<\/b><\/p><\/li><\/ol><p>El acceso y uso de este sitio web est\u00e1n sujetos a las siguientes condiciones:<\/p><ul><li><p><b>Uso Correcto<\/b>: Los usuarios deben emplear la informaci\u00f3n y recursos disponibles de manera responsable y \u00fanicamente con fines informativos y educativos. Cualquier uso con prop\u00f3sitos comerciales o actividades il\u00edcitas queda estrictamente prohibido.<\/p><\/li><li><p><b>Propiedad Intelectual<\/b>: Todos los contenidos publicados en el sitio, incluyendo textos, gr\u00e1ficos, logotipos, im\u00e1genes, y cualquier otro material, est\u00e1n protegidos por derechos de propiedad intelectual y son propiedad de Interreg POCTEFA \u2013 LA RHUN-E o de sus respectivos due\u00f1os. Se proh\u00edbe su reproducci\u00f3n, distribuci\u00f3n, o modificaci\u00f3n sin permiso previo y expreso.<\/p><\/li><li><p><b>Conducta del Usuario<\/b>: No se tolerar\u00e1n conductas que puedan considerarse abusivas, ilegales o que infrinjan los derechos de otros usuarios o de terceros. Esto incluye, pero no se limita a, el env\u00edo de contenido falso, difamatorio, o que viole la privacidad.<\/p><\/li><li><p><b>Modificaciones del Sitio<\/b>: El equipo de Interreg POCTEFA \u2013 LA RHUN-E se reserva el derecho de modificar, sin previo aviso, el contenido, la presentaci\u00f3n, la configuraci\u00f3n o la disponibilidad del sitio web, as\u00ed como las presentes condiciones de uso.<\/p><\/li><\/ul><p>\u00a0<\/p><ol start=\"4\"><li><p><b>Derechos de propiedad intelectual e industrial<\/b><\/p><\/li><\/ol><p>Todo el contenido de este sitio web, incluidos pero no limitados a textos, im\u00e1genes, marcas, gr\u00e1ficos, logotipos, iconos, botones, as\u00ed como el software, los nombres comerciales, las marcas registradas, las obras, ilustraciones, fotograf\u00edas o dibujos industriales y cualquier otro signo susceptible de uso industrial y comercial son propiedad exclusiva de Interreg POCTEFA \u2013 LA RHUN-E o de terceros cuyos derechos reconoce Interreg POCTEFA \u2013 LA RHUN-E y est\u00e1n protegidos por la legislaci\u00f3n nacional e internacional sobre propiedad intelectual e industrial.<\/p><p>El usuario se compromete a respetar estos derechos. Adem\u00e1s, la reproducci\u00f3n, modificaci\u00f3n, distribuci\u00f3n, comunicaci\u00f3n p\u00fablica y en general cualquier otra forma de explotaci\u00f3n, por cualquier procedimiento, de todo o parte del contenido de este sitio web, sin la autorizaci\u00f3n previa y por escrito de Interreg POCTEFA \u2013 LA RHUN-E, est\u00e1 estrictamente prohibida.<\/p><p>\u00a0<\/p><ol start=\"5\"><li><p><b>Exclusi\u00f3n de responsabilidad<\/b><\/p><\/li><\/ol><p>Interreg POCTEFA \u2013 LA RHUN-E no garantiza la continuidad, disponibilidad y utilidad del sitio web, ni de los contenidos o servicios. Interreg POCTEFA \u2013 LA RHUN-E har\u00e1 todo lo posible por el buen funcionamiento del sitio web; sin embargo, no se responsabiliza ni garantiza que el acceso a este sitio web no vaya a ser ininterrumpido o que est\u00e9 libre de error.<\/p><p>Del mismo modo, Interreg POCTEFA \u2013 LA RHUN-E no otorga ninguna garant\u00eda ni se hace responsable, en ning\u00fan caso, de los da\u00f1os y perjuicios de cualquier naturaleza que puedan surgir del acceso o uso de los contenidos o del sitio web. Entre otros, Interreg POCTEFA \u2013 LA RHUN-E no se responsabiliza de las circunstancias que incluyan, pero no se limiten a, las siguientes: errores u omisiones en los contenidos, falta de disponibilidad del portal o la transmisi\u00f3n de virus o programas maliciosos o lesivos en los contenidos, a pesar de haber adoptado todas las medidas tecnol\u00f3gicas necesarias para evitarlo.<\/p><p>\u00a0<\/p><ol start=\"6\"><li><p><b>Protecci\u00f3n de datos personales<\/b><\/p><\/li><\/ol><p>Interreg POCTEFA \u2013 LA RHUN-E se compromete a proteger la privacidad y seguridad de los datos personales de sus usuarios. La informaci\u00f3n recabada a trav\u00e9s del sitio web ser\u00e1 tratada con estricto cumplimiento de la normativa vigente en materia de protecci\u00f3n de datos. Todos los datos personales que se recolecten, a trav\u00e9s de formularios, suscripciones o cualquier otro medio, ser\u00e1n utilizados \u00fanicamente para los fines especificados en la Pol\u00edtica de Privacidad, la cual est\u00e1 disponible en este sitio web para su consulta.<\/p><p>\u00a0<\/p><ol start=\"7\"><li><p><b>Legislaci\u00f3n aplicable y jurisdicci\u00f3n<\/b><\/p><\/li><\/ol><p>Este Aviso Legal se rige por la legislaci\u00f3n espa\u00f1ola. Para cualquier disputa que pueda surgir relacionada con el sitio web o las actividades desarrolladas en \u00e9l, Interreg POCTEFA \u2013 LA RHUN-E y el usuario acuerdan someterse a los tribunales del domicilio del usuario, renunciando expresamente a cualquier otro fuero que pudiera corresponderles, siempre que la legislaci\u00f3n aplicable lo permita.<\/p><p>\u00a0<\/p><ol start=\"8\"><li><p><b>Modificaci\u00f3n del contenido del aviso legal<\/b><\/p><\/li><\/ol><p>Interreg POCTEFA \u2013 LA RHUN-E se reserva el derecho a modificar o actualizar el contenido de este Aviso Legal en cualquier momento y sin previo aviso. Las modificaciones entrar\u00e1n en vigor desde el momento de su publicaci\u00f3n en el sitio web. Los usuarios deben revisar estos t\u00e9rminos de manera regular para mantenerse informados de cualquier cambio que pueda afectarles.<\/p>\t\t\t\t\t\t<\/div>\n\t\t\t\t<\/div>\n\t\t\t\t\t<\/div>\n\t\t\t\t<\/div>\n\t\t\t\t<\/div>\n\t\t","protected":false},"excerpt":{"rendered":"<p>Aviso Legal Identificaci\u00f3n del titular del sitio web Identidad: Mission Plan Montagne DGA TEVETerritoires, de l\u2019Education et du Vivre Ensemble Direcci\u00f3n postal:\u00a0D\u00e9partement des Pyr\u00e9n\u00e9es-Atlantiques D\u00e9l\u00e9gation de Bayonne 4 all\u00e9e des Platanes 64104 Bayonne Tel\u00e9fono:\u00a005 59 46 51 22 \u00a0 Objeto Este sitio web es una plataforma informativa dedicada a compartir avances, noticias y detalles relevantes [&hellip;]<\/p>\n","protected":false},"author":3,"featured_media":0,"parent":0,"menu_order":0,"comment_status":"closed","ping_status":"closed","template":"","meta":{"footnotes":""},"class_list":["post-229","page","type-page","status-publish","hentry"],"_links":{"self":[{"href":"https:\/\/larhun.eu\/index.php?rest_route=\/wp\/v2\/pages\/229","targetHints":{"allow":["GET"]}}],"collection":[{"href":"https:\/\/larhun.eu\/index.php?rest_route=\/wp\/v2\/pages"}],"about":[{"href":"https:\/\/larhun.eu\/index.php?rest_route=\/wp\/v2\/types\/page"}],"author":[{"embeddable":true,"href":"https:\/\/larhun.eu\/index.php?rest_route=\/wp\/v2\/users\/3"}],"replies":[{"embeddable":true,"href":"https:\/\/larhun.eu\/index.php?rest_route=%2Fwp%2Fv2%2Fcomments&post=229"}],"version-history":[{"count":19,"href":"https:\/\/larhun.eu\/index.php?rest_route=\/wp\/v2\/pages\/229\/revisions"}],"predecessor-version":[{"id":341,"href":"https:\/\/larhun.eu\/index.php?rest_route=\/wp\/v2\/pages\/229\/revisions\/341"}],"wp:attachment":[{"href":"https:\/\/larhun.eu\/index.php?rest_route=%2Fwp%2Fv2%2Fmedia&parent=229"}],"curies":[{"name":"wp","href":"https:\/\/api.w.org\/{rel}","templated":true}]}}