{"id":235,"date":"2024-10-18T07:56:55","date_gmt":"2024-10-18T07:56:55","guid":{"rendered":"https:\/\/larhun.eu\/?page_id=235"},"modified":"2024-10-18T17:06:23","modified_gmt":"2024-10-18T17:06:23","slug":"politica-de-privacidad","status":"publish","type":"page","link":"https:\/\/larhun.eu\/?page_id=235","title":{"rendered":"Pol\u00edtica de privacidad"},"content":{"rendered":"\t\t<div data-elementor-type=\"wp-page\" data-elementor-id=\"235\" class=\"elementor elementor-235\" data-elementor-post-type=\"page\">\n\t\t\t\t<div class=\"elementor-element elementor-element-2e4ba944 e-con-full e-flex e-con e-parent\" data-id=\"2e4ba944\" data-element_type=\"container\" data-settings=\"{&quot;background_background&quot;:&quot;classic&quot;,&quot;animation&quot;:&quot;none&quot;}\">\n\t\t\t\t<div class=\"elementor-element elementor-element-368f911f elementor-widget elementor-widget-heading\" data-id=\"368f911f\" data-element_type=\"widget\" data-widget_type=\"heading.default\">\n\t\t\t\t<div class=\"elementor-widget-container\">\n\t\t\t<h2 class=\"elementor-heading-title elementor-size-default\">Pol\u00edtica de privacidad<\/h2>\t\t<\/div>\n\t\t\t\t<\/div>\n\t\t\t\t<\/div>\n\t\t<div class=\"elementor-element elementor-element-6a66bed8 e-flex e-con-boxed e-con e-parent\" data-id=\"6a66bed8\" data-element_type=\"container\">\n\t\t\t\t\t<div class=\"e-con-inner\">\n\t\t\t\t<div class=\"elementor-element elementor-element-52eefa0c elementor-widget elementor-widget-text-editor\" data-id=\"52eefa0c\" data-element_type=\"widget\" data-widget_type=\"text-editor.default\">\n\t\t\t\t<div class=\"elementor-widget-container\">\n\t\t\t\t\t\t\t<div><span style=\"color: var( --e-global-color-text ); font-family: var( --e-global-typography-text-font-family ), Sans-serif; font-weight: var( --e-global-typography-text-font-weight ); text-align: var(--text-align); font-size: 1rem;\">Los datos personales que usted nos facilite por cualesquiera de los medios habilitados al efecto ser\u00e1n tratados de conformidad con la siguiente pol\u00edtica de privacidad.<\/span><\/div><div>\u00a0<\/div><p><b>1. Identidad del responsable:<\/b><\/p><p><b>Identidad:<\/b>\u00a0<span style=\"color: var( --e-global-color-text ); font-family: var( --e-global-typography-text-font-family ), Sans-serif; font-weight: var( --e-global-typography-text-font-weight ); text-align: var(--text-align); font-size: 1rem;\">D\u00e9partement des Pyr\u00e9n\u00e9es-Atlantiques<\/span><\/p><p><b style=\"color: var( --e-global-color-text ); font-family: var( --e-global-typography-text-font-family ), Sans-serif; text-align: var(--text-align); font-size: 1rem;\">Direcci\u00f3n postal:<\/b><span style=\"color: var( --e-global-color-text ); font-family: var( --e-global-typography-text-font-family ), Sans-serif; font-weight: var( --e-global-typography-text-font-weight ); text-align: var(--text-align); font-size: 1rem;\">\u00a0<\/span><span style=\"background-color: transparent; color: var( --e-global-color-text ); font-family: var( --e-global-typography-text-font-family ), Sans-serif; font-weight: var( --e-global-typography-text-font-weight ); text-align: var(--text-align);\">D\u00e9l\u00e9gation de Bayonne 4 all\u00e9e des Platanes,\u00a0<\/span><span style=\"background-color: transparent; color: var( --e-global-color-text ); font-family: var( --e-global-typography-text-font-family ), Sans-serif; font-weight: var( --e-global-typography-text-font-weight ); text-align: var(--text-align);\">64104 Bayonne<\/span><\/p><p><b>Tel\u00e9fono:<\/b>\u00a0<span style=\"color: var( --e-global-color-text ); font-family: var( --e-global-typography-text-font-family ), Sans-serif; font-weight: var( --e-global-typography-text-font-weight ); text-align: var(--text-align); font-size: 1rem;\">05 59 46 51 22<\/span><\/p><p>\u00a0<\/p><p><b>2. Tratamientos:<\/b><\/p><table><tbody><tr><td bgcolor=\"#0375c9\"><b>Tratamiento<\/b><\/td><td bgcolor=\"#0375c9\"><b>Base legal<\/b><\/td><td bgcolor=\"#0375c9\"><b>Plazo conservaci\u00f3n<\/b><\/td><\/tr><tr><td colspan=\"3\" bgcolor=\"#d0d0d0\"><b>Prestaci\u00f3n de servicios.<\/b><\/td><\/tr><tr><td>Gesti\u00f3n y tramitaci\u00f3n de los trabajos y servicios que usted nos haya encomendado. Cumplimiento de las obligaciones fiscales, administrativas y legales derivadas de la misma, incluida la elaboraci\u00f3n y emisi\u00f3n de facturas y su cobro.<\/td><td><p>6.1.b) El tratamiento es necesario para la ejecuci\u00f3n de un contrato en el que el interesado es parte.<\/p><p>6.1.c) Cumplimiento de una obligaci\u00f3n legal: normativa mercantil, fiscal, blanqueo de capitales.<\/p><\/td><td>Sus datos se conservar\u00e1n mientras se prolongue la relaci\u00f3n y\/o el servicio, y una vez finalizado \u00e9ste mientras exista responsabilidad legal para Responsable.<\/td><\/tr><tr><td colspan=\"3\" bgcolor=\"#d0d0d0\"><b>Solicitudes de informaci\u00f3n, consulta y\/o reclamaciones.<\/b><\/td><\/tr><tr><td>Atender las peticiones de informaci\u00f3n, consulta o reclamaciones que se puedan recibir, con la gesti\u00f3n y alcance que las mismas requieran.<\/td><td><p>6.1.a) El interesado dio su consentimiento para el tratamiento.<\/p><p>6.1.b) El tratamiento es necesario para aplicaci\u00f3n a petici\u00f3n del interesado de medidas precontractuales.<\/p><\/td><td>Trataremos sus datos durante el tiempo necesario para atender y gestionar su solicitud y\/o reclamaciones.<\/td><\/tr><tr><td colspan=\"3\" bgcolor=\"#d0d0d0\"><b>Comunicaciones comerciales y Boletines (Newsletter):<\/b><\/td><\/tr><tr><td>Gestionar el env\u00edo de comunicaciones comerciales v\u00eda electr\u00f3nica relacionadas con las actividades y servicios de la organizaci\u00f3n.<\/td><td><p>6.1.a) El interesado dio su consentimiento para el tratamiento.<\/p><p>6.1.f) Inter\u00e9s leg\u00edtimo.<\/p><\/td><td>Conservaremos los datos mientras desee seguir recibiendo este tipo de comunicaciones y no se oponga a ello.<\/td><\/tr><tr><td colspan=\"3\" bgcolor=\"#d0d0d0\"><b>RRHH: bolsa de empleo y procesos de selecci\u00f3n.<\/b><\/td><\/tr><tr><td>Gesti\u00f3n de la bolsa de empleo y tratamiento de los datos de los candidatos incluidos en la misma para cubrir posibles vacantes, colaboraciones, pr\u00e1cticas o becas.<\/td><td>6.1.a) El interesado dio su consentimiento para el tratamiento.<\/td><td>Conservaremos los datos de la bolsa de empleo durante el plazo de dos a\u00f1os.<\/td><\/tr><tr><td colspan=\"3\" bgcolor=\"#d0d0d0\"><b>Videovigilancia:<\/b><\/td><\/tr><tr><td>Mantenimiento de la seguridad de las personas, los bienes y las instalaciones.<\/td><td>6.1.e) Cumplimiento de un inter\u00e9s p\u00fablico.<\/td><td>Sus datos se conservar\u00e1n durante un plazo de 1 mes desde su captaci\u00f3n.<\/td><\/tr><tr><td colspan=\"3\" bgcolor=\"#d0d0d0\"><b>Acciones formativas y eventos:<\/b><\/td><\/tr><tr><td>Tramitar su inscripci\u00f3n y\/o participaci\u00f3n en el evento o en la actividad formativa en la que se hubiera inscrito, as\u00ed como para remitirle la informaci\u00f3n sobre la misma (materiales, encuestas de valoraci\u00f3n, notificaciones o avisos de cambios\u2026).<\/td><td>6.1.b) El tratamiento es necesario para la ejecuci\u00f3n de un contrato en el que el interesado es parte.<\/td><td>Trataremos los datos durante el tiempo necesario para la gesti\u00f3n de la inscripci\u00f3n y desarrollo del evento.<\/td><\/tr><tr><td colspan=\"3\" bgcolor=\"#d0d0d0\"><b>Representantes\/ personas f\u00edsicas que prestan sus servicios en una persona jur\u00eddica:<\/b>\u00a0En el caso de que usted represente a una persona jur\u00eddica<\/td><\/tr><tr><td>Gesti\u00f3n de la relaci\u00f3n con la persona jur\u00eddica.<\/td><td>6.1.f) Inter\u00e9s leg\u00edtimo; sobre la base del art\u00edculo 19 LOPD<\/td><td>Sus datos se conservar\u00e1n mientras dure la relaci\u00f3n y una vez finalizado \u00e9ste mientras exista responsabilidad legal para Responsable.<\/td><\/tr><tr><td colspan=\"3\" bgcolor=\"#d0d0d0\"><b>Cookies:\u00a0<\/b>En el caso de que al iniciar la visita a esta p\u00e1gina web hayas aceptado recibir cookies, se te aplicar\u00e1 la pol\u00edtica de cookies del sitio web, los datos obtenidos durante la navegaci\u00f3n se usan con las siguientes finalidades.<\/td><\/tr><tr><td>Recabar informaci\u00f3n con finalidad anal\u00edtica sobre usted, su navegaci\u00f3n y su comportamiento.<\/td><td>6.1.a) El interesado dio su consentimiento para el tratamiento.<\/td><td>De acuerdo con el tipo de cookies, expresado en la\u00a0<u><a href=\"https:\/\/www.tesicnor.com\/politica-de-cookies\/\" target=\"_blank\" rel=\"noopener\">correspondiente pol\u00edtica<\/a><\/u>.<\/td><\/tr><\/tbody><\/table><p>En el caso de que se le solicite en alg\u00fan momento su autorizaci\u00f3n para el tratamiento de una finalidad que requiere el consentimiento, su no otorgamiento (o su eventual retirada con posterioridad) no tendr\u00e1 consecuencias para usted en ning\u00fan caso. Tampoco tendr\u00e1 ning\u00fan tipo de consecuencia su oposici\u00f3n al tratamiento de sus datos para finalidades basadas en inter\u00e9s leg\u00edtimo (por ejemplo, el uso de sus datos como cliente para el env\u00edo de comunicaciones comerciales).<\/p><p>En algunos formularios de recogida de datos podr\u00e1 ver claramente que algunos campos est\u00e1n marcados como obligatorios (con un asterisco) siendo el resto absolutamente voluntarios. As\u00ed las cosas, la no cumplimentaci\u00f3n de campos voluntarios no tendr\u00e1 ninguna consecuencia, pudiendo completarlos si estuviera interesado en ello.<\/p><p>\u00a0<\/p><p><b>3. Destinatarios:<\/b><\/p><p><b>\u00bfVan a comunicarse o transferirse mis datos a terceros?<\/b><\/p><p>Con car\u00e1cter general, salvo obligaci\u00f3n legal sus datos no ser\u00e1n comunicados ni transferidos a ning\u00fan tercero sin su consentimiento expreso. En todo caso, algunas comunicaciones y\/o transferencias de datos a terceros pueden venir impuestas por determinada normativa. Otras comunicaciones y\/o transferencias ser\u00e1n consecuencia necesaria de la prestaci\u00f3n del servicio en cuyo caso le manifestamos nuestro compromiso en formalizar con dichos terceros, en su caso, el preceptivo acuerdo de encargo de tratamiento que impone le legislaci\u00f3n vigente.<\/p><p>\u00a0<\/p><p><b>4. Derechos:<\/b><\/p><p><b>\u00bfQu\u00e9 derechos me asisten en materia de protecci\u00f3n de datos? Informaci\u00f3n general.<\/b><\/p><p>Respecto a los datos de car\u00e1cter personal recogidos para su tratamiento tiene la posibilidad de ejercitar los derechos de acceso, rectificaci\u00f3n, supresi\u00f3n y portabilidad. Asimismo, le informamos de que en determinadas circunstancias usted tendr\u00e1 derecho a solicitar la limitaci\u00f3n u oposici\u00f3n del tratamiento de sus datos en cuyo caso el Responsable cesar\u00e1 en su tratamiento y \u00fanicamente conservar\u00e1 los mismos en el caso de que exista alguna obligaci\u00f3n normativa que as\u00ed se lo imponga o hasta la prescripci\u00f3n de las acciones que pudieran concurrir.<\/p><p>Si quiere m\u00e1s informaci\u00f3n sobre los mencionados derechos le invitamos a que siga leyendo o que visite\u00a0<u><a href=\"https:\/\/www.aepd.es\/sites\/default\/files\/2019-10\/infografia-rgpd-derechos-ciudadanos-aepd.pdf\" target=\"_blank\" rel=\"noopener\">la infograf\u00eda elaborada por la Agencia Espa\u00f1ola de Protecci\u00f3n<\/a><\/u>\u00a0de datos accesible a trav\u00e9s del\u00a0<u><a href=\"https:\/\/www.aepd.es\/sites\/default\/files\/2019-10\/infografia-rgpd-derechos-ciudadanos-aepd.pdf\" target=\"_blank\" rel=\"noopener\">siguiente hiperv\u00ednculo.<\/a><\/u><\/p><p><b>\u00bfC\u00f3mo y d\u00f3nde puedo ejercitarlos?<\/b><\/p><p>Estaremos encantados de atender cuantas consultas o reclamaciones tenga en materia de protecci\u00f3n de datos. Asimismo, podr\u00e1 dirigir su reclamaci\u00f3n o ejercitar sus derechos a trav\u00e9s de cualquiera de las v\u00edas de contacto indicadas en el encabezamiento de la presente pol\u00edtica de protecci\u00f3n de datos.<\/p><p>Del mismo modo puede dirigirse tambi\u00e9n ante la autoridad de control que considere oportuno para interponer su reclamaci\u00f3n (por ejemplo, en el pa\u00eds donde usted tenga su residencia habitual, lugar de trabajo o en el que considere que se ha producido la supuesta infracci\u00f3n). A los efectos oportunos, le informamos que en Espa\u00f1a la Autoridad de Control es la\u00a0<u><a href=\"https:\/\/www.aepd.es\/es\" target=\"_blank\" rel=\"noopener\">Agencia Espa\u00f1ola de Protecci\u00f3n de Datos,<\/a><\/u>\u00a0y puede ejercitar sus derechos a trav\u00e9s de los formularios que \u00e9sta entidad tiene habilitados al efecto y que est\u00e1n disponible en su\u00a0<u><a href=\"https:\/\/sedeagpd.gob.es\/sede-electronica-web\/vistas\/infoSede\/inicio.jsf\" target=\"_blank\" rel=\"noopener\">sede electr\u00f3nica<\/a><\/u>.<\/p>\t\t\t\t\t\t<\/div>\n\t\t\t\t<\/div>\n\t\t\t\t\t<\/div>\n\t\t\t\t<\/div>\n\t\t\t\t<\/div>\n\t\t","protected":false},"excerpt":{"rendered":"<p>Pol\u00edtica de privacidad Los datos personales que usted nos facilite por cualesquiera de los medios habilitados al efecto ser\u00e1n tratados de conformidad con la siguiente pol\u00edtica de privacidad.\u00a0 1. Identidad del responsable: Identidad:\u00a0D\u00e9partement des Pyr\u00e9n\u00e9es-Atlantiques Direcci\u00f3n postal:\u00a0D\u00e9l\u00e9gation de Bayonne 4 all\u00e9e des Platanes,\u00a064104 Bayonne Tel\u00e9fono:\u00a005 59 46 51 22 \u00a0 2. Tratamientos: Tratamiento Base legal [&hellip;]<\/p>\n","protected":false},"author":3,"featured_media":0,"parent":0,"menu_order":0,"comment_status":"closed","ping_status":"closed","template":"","meta":{"footnotes":""},"class_list":["post-235","page","type-page","status-publish","hentry"],"_links":{"self":[{"href":"https:\/\/larhun.eu\/index.php?rest_route=\/wp\/v2\/pages\/235","targetHints":{"allow":["GET"]}}],"collection":[{"href":"https:\/\/larhun.eu\/index.php?rest_route=\/wp\/v2\/pages"}],"about":[{"href":"https:\/\/larhun.eu\/index.php?rest_route=\/wp\/v2\/types\/page"}],"author":[{"embeddable":true,"href":"https:\/\/larhun.eu\/index.php?rest_route=\/wp\/v2\/users\/3"}],"replies":[{"embeddable":true,"href":"https:\/\/larhun.eu\/index.php?rest_route=%2Fwp%2Fv2%2Fcomments&post=235"}],"version-history":[{"count":14,"href":"https:\/\/larhun.eu\/index.php?rest_route=\/wp\/v2\/pages\/235\/revisions"}],"predecessor-version":[{"id":319,"href":"https:\/\/larhun.eu\/index.php?rest_route=\/wp\/v2\/pages\/235\/revisions\/319"}],"wp:attachment":[{"href":"https:\/\/larhun.eu\/index.php?rest_route=%2Fwp%2Fv2%2Fmedia&parent=235"}],"curies":[{"name":"wp","href":"https:\/\/api.w.org\/{rel}","templated":true}]}}