{"id":243,"date":"2024-10-18T08:00:16","date_gmt":"2024-10-18T08:00:16","guid":{"rendered":"https:\/\/larhun.eu\/?page_id=243"},"modified":"2024-10-18T17:13:09","modified_gmt":"2024-10-18T17:13:09","slug":"politica-de-cookies","status":"publish","type":"page","link":"https:\/\/larhun.eu\/?page_id=243","title":{"rendered":"Pol\u00edtica de cookies\u200b"},"content":{"rendered":"\t\t<div data-elementor-type=\"wp-page\" data-elementor-id=\"243\" class=\"elementor elementor-243\" data-elementor-post-type=\"page\">\n\t\t\t\t<div class=\"elementor-element elementor-element-301017f9 e-con-full e-flex e-con e-parent\" data-id=\"301017f9\" data-element_type=\"container\" data-settings=\"{&quot;background_background&quot;:&quot;classic&quot;,&quot;animation&quot;:&quot;none&quot;}\">\n\t\t\t\t<div class=\"elementor-element elementor-element-77044378 elementor-widget elementor-widget-heading\" data-id=\"77044378\" data-element_type=\"widget\" data-widget_type=\"heading.default\">\n\t\t\t\t<div class=\"elementor-widget-container\">\n\t\t\t<h2 class=\"elementor-heading-title elementor-size-default\">Pol\u00edtica de cookies<\/h2>\t\t<\/div>\n\t\t\t\t<\/div>\n\t\t\t\t<\/div>\n\t\t<div class=\"elementor-element elementor-element-4e46379e e-flex e-con-boxed e-con e-parent\" data-id=\"4e46379e\" data-element_type=\"container\">\n\t\t\t\t\t<div class=\"e-con-inner\">\n\t\t\t\t<div class=\"elementor-element elementor-element-50c2c6e2 elementor-widget elementor-widget-text-editor\" data-id=\"50c2c6e2\" data-element_type=\"widget\" data-widget_type=\"text-editor.default\">\n\t\t\t\t<div class=\"elementor-widget-container\">\n\t\t\t\t\t\t\t<p><b style=\"color: var( --e-global-color-text ); font-family: var( --e-global-typography-text-font-family ), Sans-serif; text-align: var(--text-align); font-size: 1rem;\">1. \u00bfQu\u00e9 son las cookies?<\/b><\/p><p>Las cookies son unos archivos de texto que se alojan en el terminal de la persona usuaria y que almacenan y recuperan informaci\u00f3n sobre la navegaci\u00f3n. Aunque la funcionalidad de las cookies es siempre la misma la finalidad puede variar de forma que existen distintos tipos de cookies.<\/p><p>En el apartado 1.4 de la presente pol\u00edtica se indica el uso concreto que se hace de las cookies en el presente sitio web.<\/p><p>Si desea obtener m\u00e1s informaci\u00f3n en relaci\u00f3n a las cookies, ponemos a su disposici\u00f3n los siguientes enlaces:<\/p><p>\u2013<u><a href=\"https:\/\/es.wikipedia.org\/wiki\/Cookie_%28inform%C3%A1tica%29\" target=\"_blank\" rel=\"noopener\">Entrada en la Wikipedia sobre las cookies<\/a><\/u>.<\/p><p>\u2013<u><a href=\"https:\/\/tools.ietf.org\/html\/rfc6265\" target=\"_blank\" rel=\"noopener\">Documento t\u00e9cnico explicativo sobre las cookies<\/a><\/u>.<\/p><p>\u2013<u><a href=\"https:\/\/www.allaboutcookies.org\/es\/\" target=\"_blank\" rel=\"noopener\">https:\/\/www.allaboutcookies.org\/es\/<\/a><\/u><\/p><p>\u00a0<\/p><p><b>2. Sobre la forma de aceptar, denegar o revocar el consentimiento sobre la instalaci\u00f3n de las cookies<\/b><\/p><p>El presente sitio web tiene habilitado un gestor de consentimiento por el cual usted al entrar en nuestro sitio web podr\u00e1 libremente aceptar, denegar o configurar la instalaci\u00f3n de cookies. As\u00ed pues, pueden darse las siguientes situaciones:<\/p><ul><li><b>Consentimiento a la instalaci\u00f3n de la totalidad de las cookies<\/b>: Si usted pulsa el bot\u00f3n de \u201cAceptar\u201d o cierra el banner informativo, entendemos que consiente la instalaci\u00f3n de cookies de forma que todas las cookies indicadas en la presente pol\u00edtica ser\u00e1n instaladas en su equipo.<\/li><li><b>Configuraci\u00f3n<\/b>: Si usted pulsa en el bot\u00f3n de configuraci\u00f3n dispondr\u00e1 de un desplegable en el que podr\u00e1 indicar expresamente qu\u00e9 tipolog\u00eda de cookies consiente que le sean instaladas y cu\u00e1les no. \u00danicamente se le instalar\u00e1n las cookies seleccionadas. Asimismo, a trav\u00e9s del mismo panel podr\u00e1 rechazar todas las cookies pulsando el bot\u00f3n habilitado al efecto.<\/li><\/ul><p><b><br \/>Podr\u00e1 cambiar su configuraci\u00f3n en cualquier momento a trav\u00e9s del siguiente enlace<\/b>, Configuraci\u00f3n de cookies<\/p><p>Una vez haya aceptado las cookies para poder eliminar las mismas empleando las opciones de configuraci\u00f3n de las que disponen los<u><a href=\"https:\/\/es.wikipedia.org\/wiki\/Navegador_web\" target=\"_blank\" rel=\"noopener\">\u00a0navegadores<\/a><\/u>\u00a0, a trav\u00e9s de las cuales se permiten ajustar diversos niveles de privacidad, de forma que por ejemplo, se denieguen todas las cookies que pueda enviar un sitio web como este o incluso se eliminen todas las cookies que pudieran haberse guardado. Para modificar dichos par\u00e1metros puede solicitar ayuda al fabricante del mismo o consultar la documentaci\u00f3n de los mismos que se relaciona a continuaci\u00f3n:<\/p><ul><li><u><a href=\"https:\/\/support.google.com\/chrome\/answer\/95647?hl=es\" target=\"_blank\" rel=\"noopener\">Google Chrome<\/a><\/u>,\u00a0<u><a href=\"https:\/\/support.mozilla.org\/es\/kb\/habilitar-y-deshabilitar-cookies-sitios-web-rastrear-preferencias?redirectslug=Habilitar+y+deshabilitar+cookies&amp;redirectlocale=es\" target=\"_blank\" rel=\"noopener\">Mozilla Firefox<\/a><\/u>,\u00a0<u><a href=\"https:\/\/support.apple.com\/en-gb\/guide\/safari\/sfri11471\/mac\" target=\"_blank\" rel=\"noopener\">Safari<\/a><\/u>\u00a0e\u00a0<u><a href=\"https:\/\/support.microsoft.com\/es-es\/topic\/eliminar-y-administrar-cookies-168dab11-0753-043d-7c16-ede5947fc64d\" target=\"_blank\" rel=\"noopener\">Internet Explorer<\/a><\/u><u>.<\/u><\/li><li><u><a href=\"https:\/\/support.apple.com\/es-es\/HT201265\" target=\"_blank\" rel=\"noopener\">IOS<\/a><\/u>\u00a0y\u00a0<u><a href=\"https:\/\/support.google.com\/chrome\/answer\/114662?hl=es&amp;visit_id=0-636432348995326330-3931612517&amp;rd=1&amp;co=GENIE.Platform%3DAndroid&amp;oco=1\" target=\"_blank\" rel=\"noopener\">Android<\/a><\/u>.<\/li><\/ul><p><br \/>En el caso de que el usuario restrinja o bloquee alguna o todas las cookies del presente sitio Web, es posible que algunas de las funcionalidades o servicios prestados en la p\u00e1gina no est\u00e9n disponibles.<\/p><p>\u00a0<\/p><p><b>3. Navegaci\u00f3n privada o de inc\u00f3gnito<\/b><\/p><p>Finalmente, al margen de la posibilidad de restringir o eliminar las cookies la mayor\u00eda de los navegadores web permiten la visita a las p\u00e1ginas mediante la modalidad conocida como \u201c<u><a href=\"https:\/\/support.mozilla.org\/es\/kb\/navegacion-privada-Firefox-no-guardar-historial-navegacion\" target=\"_blank\" rel=\"noopener\">navegaci\u00f3n privada<\/a><\/u>, de<u><a href=\"https:\/\/support.google.com\/chrome\/answer\/95464?co=GENIE.Platform%3DDesktop&amp;hl=es\" target=\"_blank\" rel=\"noopener\">\u00a0inc\u00f3gnito<\/a><\/u>,\u00a0<u><a href=\"https:\/\/support.google.com\/chrome\/answer\/95464?co=GENIE.Platform%3DDesktop&amp;hl=es\" target=\"_blank\" rel=\"noopener\">inPrivate<\/a><\/u>\u201d. Dicha funcionalidad implica que al cerrar en navegador\/pesta\u00f1a se eliminen los datos de la navegaci\u00f3n que hayan podido almacenarse o generarse (entre ellos, las cookies).<\/p><p>\u00a0<\/p><p><b>4. Tipos de cookies que se emplean en el presente sitio web<\/b><\/p><p><u>T\u00e9cnicas<\/u>: Ayudan a hacer una p\u00e1gina web utilizable activando funciones b\u00e1sicas como la navegaci\u00f3n en la p\u00e1gina y el acceso a \u00e1reas seguras de la p\u00e1gina web. La p\u00e1gina web no puede funcionar adecuadamente sin estas cookies. Son imprescindibles para el correcto funcionamiento del sitio web.<\/p><p><u>Redes sociales:<\/u>\u00a0Cada red social utiliza sus propias cookies para que usted pueda pinchar en botones del tipo\u00a0<i>Me gusta<\/i>\u00a0o\u00a0<i>Compartir<\/i>.<\/p><p><u>Anal\u00edticas<\/u>: Ayudan a comprender c\u00f3mo interact\u00faan los visitantes con la p\u00e1gina web reuniendo y proporcionando informaci\u00f3n sobre el n\u00famero de usuarios, su comportamiento de navegaci\u00f3n en el sitio web o la utilizaci\u00f3n que realizan de los contenidos y\/o servicios ofertados. Esa informaci\u00f3n se emplea para mejorar la usabilidad del sitio web, sus contenidos, as\u00ed como los productos y servicios en ella ofrecidos.<\/p><p>\u00a0<\/p><p><b>5. Cambios en la Pol\u00edtica de Cookies<\/b><\/p><p><b>Interreg POCTEFA \u2013 LA RHUN-E<\/b> se reserva el derecho de modificar esta pol\u00edtica de cookies en cualquier momento. Estas modificaciones son efectivas inmediatamente despu\u00e9s de su publicaci\u00f3n en el sitio web. Los usuarios son aconsejados a revisar peri\u00f3dicamente la pol\u00edtica de cookies para estar al tanto de cualquier cambio. La continua utilizaci\u00f3n del sitio web despu\u00e9s de cualquier cambio en la pol\u00edtica de cookies constituir\u00e1 la aceptaci\u00f3n de dichos cambios por parte del usuario.<\/p><p>\u00a0<\/p><p><b>6. Contacto<\/b><\/p><p>Si tiene alguna pregunta o duda acerca de la pol\u00edtica de cookies del sitio web de\u00a0<b>Interreg POCTEFA \u2013 LA RHUN-E<\/b>, puede contactar a T\u00e9cnicas y Servicios de Ingenier\u00eda y Control del Norte S.L. (TESICNOR), quien es el responsable del sitio:<\/p><ul><li><b>Identidad:<\/b>\u00a0D\u00e9partement des Pyr\u00e9n\u00e9es-Atlantiques<\/li><li><b>Direcci\u00f3n postal:<\/b>\u00a0D\u00e9l\u00e9gation de Bayonne 4 all\u00e9e des Platanes, 64104 Bayonne<\/li><li><b>Tel\u00e9fono:<\/b>\u00a005 59 46 51 22<\/li><\/ul><div>\u00a0<\/div><p>Estamos a su disposici\u00f3n para resolver cualquier consulta que pueda tener relacionada con el uso de cookies en nuestro sitio web.<\/p>\t\t\t\t\t\t<\/div>\n\t\t\t\t<\/div>\n\t\t\t\t\t<\/div>\n\t\t\t\t<\/div>\n\t\t\t\t<\/div>\n\t\t","protected":false},"excerpt":{"rendered":"<p>Pol\u00edtica de cookies 1. \u00bfQu\u00e9 son las cookies? Las cookies son unos archivos de texto que se alojan en el terminal de la persona usuaria y que almacenan y recuperan informaci\u00f3n sobre la navegaci\u00f3n. Aunque la funcionalidad de las cookies es siempre la misma la finalidad puede variar de forma que existen distintos tipos de [&hellip;]<\/p>\n","protected":false},"author":3,"featured_media":0,"parent":0,"menu_order":0,"comment_status":"closed","ping_status":"closed","template":"","meta":{"footnotes":""},"class_list":["post-243","page","type-page","status-publish","hentry"],"_links":{"self":[{"href":"https:\/\/larhun.eu\/index.php?rest_route=\/wp\/v2\/pages\/243","targetHints":{"allow":["GET"]}}],"collection":[{"href":"https:\/\/larhun.eu\/index.php?rest_route=\/wp\/v2\/pages"}],"about":[{"href":"https:\/\/larhun.eu\/index.php?rest_route=\/wp\/v2\/types\/page"}],"author":[{"embeddable":true,"href":"https:\/\/larhun.eu\/index.php?rest_route=\/wp\/v2\/users\/3"}],"replies":[{"embeddable":true,"href":"https:\/\/larhun.eu\/index.php?rest_route=%2Fwp%2Fv2%2Fcomments&post=243"}],"version-history":[{"count":17,"href":"https:\/\/larhun.eu\/index.php?rest_route=\/wp\/v2\/pages\/243\/revisions"}],"predecessor-version":[{"id":334,"href":"https:\/\/larhun.eu\/index.php?rest_route=\/wp\/v2\/pages\/243\/revisions\/334"}],"wp:attachment":[{"href":"https:\/\/larhun.eu\/index.php?rest_route=%2Fwp%2Fv2%2Fmedia&parent=243"}],"curies":[{"name":"wp","href":"https:\/\/api.w.org\/{rel}","templated":true}]}}