{"id":250,"date":"2024-10-18T08:03:15","date_gmt":"2024-10-18T08:03:15","guid":{"rendered":"https:\/\/larhun.eu\/?page_id=250"},"modified":"2024-10-18T17:17:24","modified_gmt":"2024-10-18T17:17:24","slug":"condiciones-de-uso","status":"publish","type":"page","link":"https:\/\/larhun.eu\/?page_id=250","title":{"rendered":"Condiciones de uso"},"content":{"rendered":"\t\t<div data-elementor-type=\"wp-page\" data-elementor-id=\"250\" class=\"elementor elementor-250\" data-elementor-post-type=\"page\">\n\t\t\t\t<div class=\"elementor-element elementor-element-431c5050 e-con-full e-flex e-con e-parent\" data-id=\"431c5050\" data-element_type=\"container\" data-settings=\"{&quot;background_background&quot;:&quot;classic&quot;,&quot;animation&quot;:&quot;none&quot;}\">\n\t\t\t\t<div class=\"elementor-element elementor-element-5e08ad4d elementor-widget elementor-widget-heading\" data-id=\"5e08ad4d\" data-element_type=\"widget\" data-widget_type=\"heading.default\">\n\t\t\t\t<div class=\"elementor-widget-container\">\n\t\t\t<h2 class=\"elementor-heading-title elementor-size-default\">Condiciones de uso\n<\/h2>\t\t<\/div>\n\t\t\t\t<\/div>\n\t\t\t\t<\/div>\n\t\t<div class=\"elementor-element elementor-element-5abab924 e-flex e-con-boxed e-con e-parent\" data-id=\"5abab924\" data-element_type=\"container\">\n\t\t\t\t\t<div class=\"e-con-inner\">\n\t\t\t\t<div class=\"elementor-element elementor-element-2885db76 elementor-widget elementor-widget-text-editor\" data-id=\"2885db76\" data-element_type=\"widget\" data-widget_type=\"text-editor.default\">\n\t\t\t\t<div class=\"elementor-widget-container\">\n\t\t\t\t\t\t\t<ol><li><p><b>Introducci\u00f3n<\/b><\/p><\/li><\/ol><p>Bienvenidos a la p\u00e1gina web de Interreg POCTEFA \u2013 LA RHUN-E, una iniciativa transfronteriza que emplea la inteligencia artificial para anticiparse a las inundaciones y proporcionar a los municipios herramientas avanzadas para la detecci\u00f3n temprana y la gesti\u00f3n eficaz de emergencias. Este sitio tiene como objetivo informar sobre los avances del proyecto, presentar a los socios involucrados, y publicar noticias y acciones relevantes. Al acceder y utilizar este sitio web, usted acepta cumplir y estar vinculado por las siguientes condiciones de uso, que junto con nuestra pol\u00edtica de privacidad rigen la relaci\u00f3n de Interreg POCTEFA \u2013 LA RHUN-E con usted en relaci\u00f3n con este sitio web.<\/p><p>\u00a0<\/p><ol start=\"2\"><li><p><b>Acceso y Uso<\/b><\/p><\/li><\/ol><p>El acceso a este sitio web es gratuito y otorga al usuario el derecho no exclusivo, revocable, no transferible y limitado para usar y visualizar el sitio seg\u00fan los t\u00e9rminos y condiciones explicitados aqu\u00ed. Usted se compromete a utilizar este sitio \u00fanicamente para fines legales y de una manera que no infrinja los derechos, restrinja o inhiba el uso y disfrute del sitio por parte de cualquier tercero. El comportamiento prohibido incluye acosar o causar molestias o inconvenientes a cualquier persona, transmitir contenido obsceno o ofensivo o interrumpir el flujo normal de di\u00e1logo dentro de nuestro sitio web.<\/p><p>\u00a0<\/p><ol start=\"3\"><li><p><b>Contenido del Usuario<\/b><\/p><\/li><\/ol><p>Los usuarios pueden interactuar en nuestra p\u00e1gina web a trav\u00e9s de comentarios y otras formas de comunicaci\u00f3n, donde aplicable. Cualquier contenido que los usuarios aporten debe ser respetuoso y adecuado, acorde con los fines informativos y educativos de nuestro sitio. No se permite el contenido que sea ilegal, obsceno, difamatorio, amenazante, infractor de derechos de privacidad o de propiedad intelectual, o de otro modo lesivo para terceros o censurable. Interreg POCTEFA \u2013 LA RHUN-E se reserva el derecho de revisar, editar o eliminar cualquier contenido que no cumpla con estas condiciones.<\/p><p>\u00a0<\/p><ol start=\"4\"><li><p><b>Propiedad Intelectual<\/b><\/p><\/li><\/ol><p>Todos los contenidos publicados en el sitio web de Interreg POCTEFA \u2013 LA RHUN-E, incluidos, sin limitaci\u00f3n, textos, gr\u00e1ficos, logotipos, iconos, im\u00e1genes, clips de audio y video, compilaciones de datos y software, son propiedad de Interreg POCTEFA \u2013 LA RHUN-E o de sus licenciantes y est\u00e1n protegidos por las leyes nacionales e internacionales de derechos de autor. El uso indebido o la reproducci\u00f3n no autorizada de cualquier contenido de este sitio web pueden ser objeto de una acci\u00f3n legal.<\/p><p>\u00a0<\/p><ol start=\"5\"><li><p><b>Prohibiciones<\/b><\/p><\/li><\/ol><p>Queda terminantemente prohibido:<\/p><ul><li><p>Utilizar este sitio web para fines fraudulentos, o en conexi\u00f3n con un delito o actividad ilegal de cualquier tipo.<\/p><\/li><li><p>Enviar, utilizar o reutilizar material que no sea propio o que sea ilegal, ofensivo, abusivo, indecente, difamatorio, obsceno o amenazante, o que infrinja los derechos de propiedad intelectual, derechos de confidencialidad o privacidad, o que de otra manera pueda causar molestia o perjuicio.<\/p><\/li><li><p>Manipular o da\u00f1ar el sitio web, incluyendo, sin limitaci\u00f3n, mediante hacking, introducci\u00f3n de virus, bombas l\u00f3gicas, troyanos, worms, componentes da\u00f1inos, datos corruptos o cualquier otro software malicioso o datos da\u00f1inos.<\/p><\/li><\/ul><p>\u00a0<\/p><ol start=\"6\"><li><p><b>Responsabilidades y Garant\u00edas<\/b><\/p><\/li><\/ol><p>Interreg POCTEFA \u2013 LA RHUN-E no garantiza la exactitud, veracidad y vigencia de los contenidos de este sitio web, ya sean propios, de terceros, o enlazables a trav\u00e9s de la web, quedando exento de cualquier responsabilidad derivada del uso incorrecto de los mismos. Asimismo, Interreg POCTEFA \u2013 LA RHUN-E no se responsabiliza de la integridad, veracidad o actualizaci\u00f3n de las informaciones que no sean de elaboraci\u00f3n propia y de las que se indique otra fuente, ni de las contenidas en otras plataformas web mediante enlace desde el sitio. Interreg POCTEFA \u2013 LA RHUN-E tampoco ser\u00e1 responsable de los da\u00f1os y perjuicios derivados del uso de este sitio web o de sus contenidos, no garantizando la ausencia de virus ni la imposibilidad de causar da\u00f1os en los sistemas inform\u00e1ticos del usuario.<\/p><p>\u00a0<\/p><ol start=\"7\"><li><p><b>Modificaciones del Servicio y Condiciones<\/b><\/p><\/li><\/ol><p>Interreg POCTEFA \u2013 LA RHUN-E se reserva el derecho de realizar cambios en el sitio web, en los servicios ofrecidos y en estas condiciones de uso en cualquier momento y sin aviso previo. Estas modificaciones ser\u00e1n efectivas inmediatamente despu\u00e9s de su publicaci\u00f3n en el sitio web. Es responsabilidad de los usuarios revisar regularmente las condiciones de uso actualizadas para asegurarse de que est\u00e1n informados de cualquier cambio.<\/p><p>\u00a0<\/p><ol start=\"8\"><li><p><b>Enlaces a Terceros<\/b><\/p><\/li><\/ol><p>El sitio web de Interreg POCTEFA \u2013 LA RHUN-E puede contener enlaces a sitios web operados por terceros que no est\u00e1n bajo el control de Interreg POCTEFA \u2013 LA RHUN-E. Estos enlaces se proporcionan para su conveniencia y no implican una aprobaci\u00f3n de los materiales en dichos sitios web por parte de Interreg POCTEFA \u2013 LA RHUN-E. Interreg POCTEFA \u2013 LA RHUN-E no se responsabiliza del contenido, pol\u00edticas o pr\u00e1cticas de los sitios web de terceros.<\/p><p>\u00a0<\/p><ol start=\"9\"><li><p><b>Duraci\u00f3n y Terminaci\u00f3n<\/b><\/p><\/li><\/ol><p>Las condiciones establecidas en este documento son efectivas a partir de la fecha de su publicaci\u00f3n y permanecer\u00e1n en vigencia mientras el sitio web est\u00e9 activo. Teniendo en cuenta que el proyecto Interreg POCTEFA \u2013 LA RHUN-E est\u00e1 programado para operar de 2024 a finales de 2026, se anticipa que el sitio web seguir\u00e1 activo durante este periodo y posiblemente m\u00e1s all\u00e1, para continuar informando sobre los resultados y el impacto del proyecto. Interreg POCTEFA \u2013 LA RHUN-E se reserva el derecho de cesar o modificar cualquier servicio o contenido del sitio web, y terminar estas condiciones bajo las normas establecidas sin previo aviso.<\/p><p>\u00a0<\/p><ol start=\"10\"><li><p><b>Generalidades<\/b><\/p><\/li><\/ol><p>El hecho de que Interreg POCTEFA \u2013 LA RHUN-E no ejerza alg\u00fan derecho o disposici\u00f3n contenida en estas condiciones de uso no constituir\u00e1 una renuncia a dicho derecho o disposici\u00f3n. Si alguna disposici\u00f3n de estas condiciones de uso es considerada inv\u00e1lida por un tribunal competente, la invalidez de tal disposici\u00f3n no afectar\u00e1 la validez de las dem\u00e1s disposiciones de las condiciones de uso, las cuales permanecer\u00e1n en pleno efecto y vigor. Ninguna renuncia a cualquier t\u00e9rmino de estas condiciones de uso ser\u00e1 considerada como una renuncia adicional o continua de tal t\u00e9rmino o cualquier otro t\u00e9rmino.<\/p><p>\u00a0<\/p><ol start=\"11\"><li><p><b>Legislaci\u00f3n Aplicable y Jurisdicci\u00f3n<\/b><\/p><\/li><\/ol><p>Estas condiciones de uso se regir\u00e1n e interpretar\u00e1n de acuerdo con las leyes de Espa\u00f1a, sin dar efecto a ning\u00fan principio de conflictos de ley. Cualquier disputa que surja bajo estas condiciones ser\u00e1 resuelta exclusivamente en los tribunales competentes de Espa\u00f1a. Los usuarios de Interreg POCTEFA \u2013 LA RHUN-E acuerdan someterse a la jurisdicci\u00f3n exclusiva de dichos tribunales y renuncian a cualquier objeci\u00f3n respecto a la jurisdicci\u00f3n o el lugar de dichos tribunales.<\/p>\t\t\t\t\t\t<\/div>\n\t\t\t\t<\/div>\n\t\t\t\t\t<\/div>\n\t\t\t\t<\/div>\n\t\t\t\t<\/div>\n\t\t","protected":false},"excerpt":{"rendered":"<p>Condiciones de uso Introducci\u00f3n Bienvenidos a la p\u00e1gina web de Interreg POCTEFA \u2013 LA RHUN-E, una iniciativa transfronteriza que emplea la inteligencia artificial para anticiparse a las inundaciones y proporcionar a los municipios herramientas avanzadas para la detecci\u00f3n temprana y la gesti\u00f3n eficaz de emergencias. Este sitio tiene como objetivo informar sobre los avances del [&hellip;]<\/p>\n","protected":false},"author":3,"featured_media":0,"parent":0,"menu_order":0,"comment_status":"closed","ping_status":"closed","template":"","meta":{"footnotes":""},"class_list":["post-250","page","type-page","status-publish","hentry"],"_links":{"self":[{"href":"https:\/\/larhun.eu\/index.php?rest_route=\/wp\/v2\/pages\/250","targetHints":{"allow":["GET"]}}],"collection":[{"href":"https:\/\/larhun.eu\/index.php?rest_route=\/wp\/v2\/pages"}],"about":[{"href":"https:\/\/larhun.eu\/index.php?rest_route=\/wp\/v2\/types\/page"}],"author":[{"embeddable":true,"href":"https:\/\/larhun.eu\/index.php?rest_route=\/wp\/v2\/users\/3"}],"replies":[{"embeddable":true,"href":"https:\/\/larhun.eu\/index.php?rest_route=%2Fwp%2Fv2%2Fcomments&post=250"}],"version-history":[{"count":11,"href":"https:\/\/larhun.eu\/index.php?rest_route=\/wp\/v2\/pages\/250\/revisions"}],"predecessor-version":[{"id":338,"href":"https:\/\/larhun.eu\/index.php?rest_route=\/wp\/v2\/pages\/250\/revisions\/338"}],"wp:attachment":[{"href":"https:\/\/larhun.eu\/index.php?rest_route=%2Fwp%2Fv2%2Fmedia&parent=250"}],"curies":[{"name":"wp","href":"https:\/\/api.w.org\/{rel}","templated":true}]}}