{"id":342,"date":"2024-10-19T06:21:37","date_gmt":"2024-10-19T06:21:37","guid":{"rendered":"https:\/\/larhun.eu\/?page_id=342"},"modified":"2024-10-20T08:19:40","modified_gmt":"2024-10-20T08:19:40","slug":"proyecto","status":"publish","type":"page","link":"https:\/\/larhun.eu\/?page_id=342","title":{"rendered":"Proyecto"},"content":{"rendered":"\t\t<div data-elementor-type=\"wp-page\" data-elementor-id=\"342\" class=\"elementor elementor-342\" data-elementor-post-type=\"page\">\n\t\t\t\t<div class=\"elementor-element elementor-element-3efb7726 e-con-full e-flex e-con e-parent\" data-id=\"3efb7726\" data-element_type=\"container\" data-settings=\"{&quot;background_background&quot;:&quot;classic&quot;,&quot;animation&quot;:&quot;none&quot;}\">\n\t\t\t\t<div class=\"elementor-element elementor-element-76991b83 elementor-widget elementor-widget-heading\" data-id=\"76991b83\" data-element_type=\"widget\" data-widget_type=\"heading.default\">\n\t\t\t\t<div class=\"elementor-widget-container\">\n\t\t\t<h2 class=\"elementor-heading-title elementor-size-default\">PROYECTO<\/h2>\t\t<\/div>\n\t\t\t\t<\/div>\n\t\t\t\t<\/div>\n\t\t<div class=\"elementor-element elementor-element-1d34948 e-flex e-con-boxed e-con e-parent\" data-id=\"1d34948\" data-element_type=\"container\">\n\t\t\t\t\t<div class=\"e-con-inner\">\n\t\t<div class=\"elementor-element elementor-element-47e24f0 e-con-full e-flex e-con e-child\" data-id=\"47e24f0\" data-element_type=\"container\">\n\t\t<div class=\"elementor-element elementor-element-f644aea e-grid e-con-full e-con e-child\" data-id=\"f644aea\" data-element_type=\"container\">\n\t\t\t\t<div class=\"elementor-element elementor-element-5c5564c elementor-widget elementor-widget-heading\" data-id=\"5c5564c\" data-element_type=\"widget\" data-widget_type=\"heading.default\">\n\t\t\t\t<div class=\"elementor-widget-container\">\n\t\t\t<h2 class=\"elementor-heading-title elementor-size-default\">\u00bfDe d\u00f3nde venimos?<\/h2>\t\t<\/div>\n\t\t\t\t<\/div>\n\t\t\t\t<div class=\"elementor-element elementor-element-6544354 elementor-widget elementor-widget-text-editor\" data-id=\"6544354\" data-element_type=\"widget\" data-widget_type=\"text-editor.default\">\n\t\t\t\t<div class=\"elementor-widget-container\">\n\t\t\t\t\t\t\t<p>Situado entre Navarra y el Pirineo Atl\u00e1ntico, el macizo de Larhun se extiende por el territorio de las localidades de Sara, Azkaine, Urru\u00f1a y Bera, configurando perfectamente un espacio transfronterizo compartido. Se trata de un espacio natural y patrimonial de gran valor que requiere una gesti\u00f3n coordinada entre todos los agentes y una actuaci\u00f3n conjunta para preservar su impecable medio ambiente y su actividad pastoralista.<\/p><p>\u00a0<\/p><p>Sin embargo, aparecen m\u00e1s de una dificultad: el acceso al espacio, la gesti\u00f3n de las aguas residuales de las ventas de las cumbres, la excavaci\u00f3n en senderos de recorrido, la afecci\u00f3n a la vegetaci\u00f3n y la fauna, el desequilibrio transfronterizo dela clasificaci\u00f3n de espacios naturales, etc.<\/p>\t\t\t\t\t\t<\/div>\n\t\t\t\t<\/div>\n\t\t\t\t<\/div>\n\t\t\t\t<\/div>\n\t\t<div class=\"elementor-element elementor-element-237002f e-con-full e-flex e-con e-child\" data-id=\"237002f\" data-element_type=\"container\">\n\t\t\t\t<div class=\"elementor-element elementor-element-6d40069 elementor-widget elementor-widget-image\" data-id=\"6d40069\" data-element_type=\"widget\" data-widget_type=\"image.default\">\n\t\t\t\t<div class=\"elementor-widget-container\">\n\t\t\t\t\t\t\t\t\t\t\t\t\t<img fetchpriority=\"high\" decoding=\"async\" width=\"768\" height=\"1160\" src=\"https:\/\/larhun.eu\/wp-content\/uploads\/2024\/10\/bentak-768x1160.jpg\" class=\"attachment-medium_large size-medium_large wp-image-347\" alt=\"\" srcset=\"https:\/\/larhun.eu\/wp-content\/uploads\/2024\/10\/bentak-768x1160.jpg 768w, https:\/\/larhun.eu\/wp-content\/uploads\/2024\/10\/bentak-199x300.jpg 199w, https:\/\/larhun.eu\/wp-content\/uploads\/2024\/10\/bentak-678x1024.jpg 678w, https:\/\/larhun.eu\/wp-content\/uploads\/2024\/10\/bentak.jpg 900w\" sizes=\"(max-width: 768px) 100vw, 768px\" \/>\t\t\t\t\t\t\t\t\t\t\t\t\t<\/div>\n\t\t\t\t<\/div>\n\t\t\t\t<\/div>\n\t\t\t\t\t<\/div>\n\t\t\t\t<\/div>\n\t\t<div class=\"elementor-element elementor-element-a471c35 e-flex e-con-boxed e-con e-parent\" data-id=\"a471c35\" data-element_type=\"container\" data-settings=\"{&quot;background_background&quot;:&quot;classic&quot;}\">\n\t\t\t\t\t<div class=\"e-con-inner\">\n\t\t<div class=\"elementor-element elementor-element-c9855fb e-con-full e-flex e-con e-child\" data-id=\"c9855fb\" data-element_type=\"container\">\n\t\t<div class=\"elementor-element elementor-element-0ddf8d7 e-grid e-con-full e-con e-child\" data-id=\"0ddf8d7\" data-element_type=\"container\">\n\t\t\t\t<div class=\"elementor-element elementor-element-c317d80 elementor-widget elementor-widget-heading\" data-id=\"c317d80\" data-element_type=\"widget\" data-widget_type=\"heading.default\">\n\t\t\t\t<div class=\"elementor-widget-container\">\n\t\t\t<h2 class=\"elementor-heading-title elementor-size-default\">\u00bfDe d\u00f3nde venimos?<\/h2>\t\t<\/div>\n\t\t\t\t<\/div>\n\t\t\t\t<div class=\"elementor-element elementor-element-e09e882 elementor-widget elementor-widget-text-editor\" data-id=\"e09e882\" data-element_type=\"widget\" data-widget_type=\"text-editor.default\">\n\t\t\t\t<div class=\"elementor-widget-container\">\n\t\t\t\t\t\t\t<p>El proyecto La Rhun-E tiene como objetivo establecer la organizaci\u00f3n del macizo de Larhun y una gobernanza<br \/>transfronteriza para una gesti\u00f3n compartida de este espacio natural y estrat\u00e9gico.<\/p>\t\t\t\t\t\t<\/div>\n\t\t\t\t<\/div>\n\t\t\t\t<\/div>\n\t\t\t\t<\/div>\n\t\t<div class=\"elementor-element elementor-element-6c81522 e-con-full e-flex e-con e-child\" data-id=\"6c81522\" data-element_type=\"container\">\n\t\t\t\t<div class=\"elementor-element elementor-element-7c9383e elementor-widget elementor-widget-text-editor\" data-id=\"7c9383e\" data-element_type=\"widget\" data-widget_type=\"text-editor.default\">\n\t\t\t\t<div class=\"elementor-widget-container\">\n\t\t\t\t\t\t\t<p>El proyecto La Rhun-E pretende levantar estos retos mediante el desarrollo de investigaciones y obras que permitan<br \/>mejorar la calidad del medio ambiente general del espacio y crear herramientas de intermediaci\u00f3n y sensibilizaci\u00f3n.<\/p>\t\t\t\t\t\t<\/div>\n\t\t\t\t<\/div>\n\t\t\t\t<\/div>\n\t\t\t\t\t<\/div>\n\t\t\t\t<\/div>\n\t\t<div class=\"elementor-element elementor-element-898adba e-flex e-con-boxed e-con e-parent\" data-id=\"898adba\" data-element_type=\"container\">\n\t\t\t\t\t<div class=\"e-con-inner\">\n\t\t\t\t<div class=\"elementor-element elementor-element-719ad0a elementor-widget elementor-widget-heading\" data-id=\"719ad0a\" data-element_type=\"widget\" data-widget_type=\"heading.default\">\n\t\t\t\t<div class=\"elementor-widget-container\">\n\t\t\t<h1 class=\"elementor-heading-title elementor-size-default\">Acciones del proyecto<\/h1>\t\t<\/div>\n\t\t\t\t<\/div>\n\t\t\t\t<div class=\"elementor-element elementor-element-88a146c elementor-widget elementor-widget-text-editor\" data-id=\"88a146c\" data-element_type=\"widget\" data-widget_type=\"text-editor.default\">\n\t\t\t\t<div class=\"elementor-widget-container\">\n\t\t\t\t\t\t\t<p>Adem\u00e1s de la gesti\u00f3n y comunicaci\u00f3n, las acciones del proyecto consisten en:<\/p>\t\t\t\t\t\t<\/div>\n\t\t\t\t<\/div>\n\t\t\t\t\t<\/div>\n\t\t\t\t<\/div>\n\t\t<div class=\"elementor-element elementor-element-75941a8 e-flex e-con-boxed e-con e-parent\" data-id=\"75941a8\" data-element_type=\"container\">\n\t\t\t\t\t<div class=\"e-con-inner\">\n\t\t<div class=\"elementor-element elementor-element-7e576097 e-con-full e-flex e-con e-child\" data-id=\"7e576097\" data-element_type=\"container\">\n\t\t\t\t<div class=\"elementor-element elementor-element-4349876 elementor-widget elementor-widget-image\" data-id=\"4349876\" data-element_type=\"widget\" data-widget_type=\"image.default\">\n\t\t\t\t<div class=\"elementor-widget-container\">\n\t\t\t\t\t\t\t\t\t\t\t\t\t<img decoding=\"async\" width=\"800\" height=\"423\" src=\"https:\/\/larhun.eu\/wp-content\/uploads\/2024\/10\/montana-1024x542.png\" class=\"attachment-large size-large wp-image-345\" alt=\"\" srcset=\"https:\/\/larhun.eu\/wp-content\/uploads\/2024\/10\/montana-1024x542.png 1024w, https:\/\/larhun.eu\/wp-content\/uploads\/2024\/10\/montana-300x159.png 300w, https:\/\/larhun.eu\/wp-content\/uploads\/2024\/10\/montana-768x407.png 768w, https:\/\/larhun.eu\/wp-content\/uploads\/2024\/10\/montana-1536x814.png 1536w, https:\/\/larhun.eu\/wp-content\/uploads\/2024\/10\/montana.png 1569w\" sizes=\"(max-width: 800px) 100vw, 800px\" \/>\t\t\t\t\t\t\t\t\t\t\t\t\t<\/div>\n\t\t\t\t<\/div>\n\t\t\t\t<\/div>\n\t\t<div class=\"elementor-element elementor-element-1491526 e-con-full e-flex e-con e-child\" data-id=\"1491526\" data-element_type=\"container\">\n\t\t\t\t<div class=\"elementor-element elementor-element-69f60a6 elementor-widget elementor-widget-heading\" data-id=\"69f60a6\" data-element_type=\"widget\" data-widget_type=\"heading.default\">\n\t\t\t\t<div class=\"elementor-widget-container\">\n\t\t\t<h2 class=\"elementor-heading-title elementor-size-default\">Restauraci\u00f3n de la calidad medioambiental y monta\u00f1osa del macizo de Larhun<\/h2>\t\t<\/div>\n\t\t\t\t<\/div>\n\t\t\t\t<div class=\"elementor-element elementor-element-f2b2651 elementor-align-left elementor-icon-list--layout-traditional elementor-list-item-link-full_width elementor-widget elementor-widget-icon-list\" data-id=\"f2b2651\" data-element_type=\"widget\" data-widget_type=\"icon-list.default\">\n\t\t\t\t<div class=\"elementor-widget-container\">\n\t\t\t\t\t<ul class=\"elementor-icon-list-items\">\n\t\t\t\t\t\t\t<li class=\"elementor-icon-list-item\">\n\t\t\t\t\t\t\t\t\t\t\t<a href=\"#\">\n\n\t\t\t\t\t\t\t\t\t\t\t\t<span class=\"elementor-icon-list-icon\">\n\t\t\t\t\t\t\t<svg aria-hidden=\"true\" class=\"e-font-icon-svg e-fas-square-full\" viewBox=\"0 0 512 512\" xmlns=\"http:\/\/www.w3.org\/2000\/svg\"><path d=\"M512 512H0V0h512v512z\"><\/path><\/svg>\t\t\t\t\t\t<\/span>\n\t\t\t\t\t\t\t\t\t\t<span class=\"elementor-icon-list-text\">Obras de agua y saneamiento.<\/span>\n\t\t\t\t\t\t\t\t\t\t\t<\/a>\n\t\t\t\t\t\t\t\t\t<\/li>\n\t\t\t\t\t\t\t\t<li class=\"elementor-icon-list-item\">\n\t\t\t\t\t\t\t\t\t\t\t<a href=\"#\">\n\n\t\t\t\t\t\t\t\t\t\t\t\t<span class=\"elementor-icon-list-icon\">\n\t\t\t\t\t\t\t<svg aria-hidden=\"true\" class=\"e-font-icon-svg e-fas-square-full\" viewBox=\"0 0 512 512\" xmlns=\"http:\/\/www.w3.org\/2000\/svg\"><path d=\"M512 512H0V0h512v512z\"><\/path><\/svg>\t\t\t\t\t\t<\/span>\n\t\t\t\t\t\t\t\t\t\t<span class=\"elementor-icon-list-text\">Aseos p\u00fablicos en la cumbre.<\/span>\n\t\t\t\t\t\t\t\t\t\t\t<\/a>\n\t\t\t\t\t\t\t\t\t<\/li>\n\t\t\t\t\t\t\t\t<li class=\"elementor-icon-list-item\">\n\t\t\t\t\t\t\t\t\t\t\t<a href=\"#\">\n\n\t\t\t\t\t\t\t\t\t\t\t\t<span class=\"elementor-icon-list-icon\">\n\t\t\t\t\t\t\t<svg aria-hidden=\"true\" class=\"e-font-icon-svg e-fas-square-full\" viewBox=\"0 0 512 512\" xmlns=\"http:\/\/www.w3.org\/2000\/svg\"><path d=\"M512 512H0V0h512v512z\"><\/path><\/svg>\t\t\t\t\t\t<\/span>\n\t\t\t\t\t\t\t\t\t\t<span class=\"elementor-icon-list-text\">Camino hacia la cumbre: Un sendero de descubrimiento accesible e integrado que respete el lugar y elimine la presi\u00f3n.<\/span>\n\t\t\t\t\t\t\t\t\t\t\t<\/a>\n\t\t\t\t\t\t\t\t\t<\/li>\n\t\t\t\t\t\t<\/ul>\n\t\t\t\t<\/div>\n\t\t\t\t<\/div>\n\t\t\t\t<\/div>\n\t\t\t\t\t<\/div>\n\t\t\t\t<\/div>\n\t\t<div class=\"elementor-element elementor-element-edfe1c3 e-flex e-con-boxed e-con e-parent\" data-id=\"edfe1c3\" data-element_type=\"container\">\n\t\t\t\t\t<div class=\"e-con-inner\">\n\t\t<div class=\"elementor-element elementor-element-8dba5ce e-con-full e-flex e-con e-child\" data-id=\"8dba5ce\" data-element_type=\"container\">\n\t\t\t\t<div class=\"elementor-element elementor-element-2bd3d09 elementor-widget elementor-widget-heading\" data-id=\"2bd3d09\" data-element_type=\"widget\" data-widget_type=\"heading.default\">\n\t\t\t\t<div class=\"elementor-widget-container\">\n\t\t\t<h2 class=\"elementor-heading-title elementor-size-default\">Conocimiento, conservaci\u00f3n, puesta en valor, mediaci\u00f3n del patrimonio natural y cultural del macizo de Larhun<\/h2>\t\t<\/div>\n\t\t\t\t<\/div>\n\t\t\t\t<div class=\"elementor-element elementor-element-91b73e6 elementor-align-left elementor-icon-list--layout-traditional elementor-list-item-link-full_width elementor-widget elementor-widget-icon-list\" data-id=\"91b73e6\" data-element_type=\"widget\" data-widget_type=\"icon-list.default\">\n\t\t\t\t<div class=\"elementor-widget-container\">\n\t\t\t\t\t<ul class=\"elementor-icon-list-items\">\n\t\t\t\t\t\t\t<li class=\"elementor-icon-list-item\">\n\t\t\t\t\t\t\t\t\t\t\t<a href=\"#\">\n\n\t\t\t\t\t\t\t\t\t\t\t\t<span class=\"elementor-icon-list-icon\">\n\t\t\t\t\t\t\t<svg aria-hidden=\"true\" class=\"e-font-icon-svg e-fas-square-full\" viewBox=\"0 0 512 512\" xmlns=\"http:\/\/www.w3.org\/2000\/svg\"><path d=\"M512 512H0V0h512v512z\"><\/path><\/svg>\t\t\t\t\t\t<\/span>\n\t\t\t\t\t\t\t\t\t\t<span class=\"elementor-icon-list-text\">Acciones para preservar las turberas del macizo.<\/span>\n\t\t\t\t\t\t\t\t\t\t\t<\/a>\n\t\t\t\t\t\t\t\t\t<\/li>\n\t\t\t\t\t\t\t\t<li class=\"elementor-icon-list-item\">\n\t\t\t\t\t\t\t\t\t\t\t<a href=\"#\">\n\n\t\t\t\t\t\t\t\t\t\t\t\t<span class=\"elementor-icon-list-icon\">\n\t\t\t\t\t\t\t<svg aria-hidden=\"true\" class=\"e-font-icon-svg e-fas-square-full\" viewBox=\"0 0 512 512\" xmlns=\"http:\/\/www.w3.org\/2000\/svg\"><path d=\"M512 512H0V0h512v512z\"><\/path><\/svg>\t\t\t\t\t\t<\/span>\n\t\t\t\t\t\t\t\t\t\t<span class=\"elementor-icon-list-text\">Inversiones pastorales (Sare, Ascain, Urrugne).<\/span>\n\t\t\t\t\t\t\t\t\t\t\t<\/a>\n\t\t\t\t\t\t\t\t\t<\/li>\n\t\t\t\t\t\t\t\t<li class=\"elementor-icon-list-item\">\n\t\t\t\t\t\t\t\t\t\t\t<a href=\"#\">\n\n\t\t\t\t\t\t\t\t\t\t\t\t<span class=\"elementor-icon-list-icon\">\n\t\t\t\t\t\t\t<svg aria-hidden=\"true\" class=\"e-font-icon-svg e-fas-square-full\" viewBox=\"0 0 512 512\" xmlns=\"http:\/\/www.w3.org\/2000\/svg\"><path d=\"M512 512H0V0h512v512z\"><\/path><\/svg>\t\t\t\t\t\t<\/span>\n\t\t\t\t\t\t\t\t\t\t<span class=\"elementor-icon-list-text\">Infraestructuras ganaderas (Bera).<\/span>\n\t\t\t\t\t\t\t\t\t\t\t<\/a>\n\t\t\t\t\t\t\t\t\t<\/li>\n\t\t\t\t\t\t\t\t<li class=\"elementor-icon-list-item\">\n\t\t\t\t\t\t\t\t\t\t\t<a href=\"#\">\n\n\t\t\t\t\t\t\t\t\t\t\t\t<span class=\"elementor-icon-list-icon\">\n\t\t\t\t\t\t\t<svg aria-hidden=\"true\" class=\"e-font-icon-svg e-fas-square-full\" viewBox=\"0 0 512 512\" xmlns=\"http:\/\/www.w3.org\/2000\/svg\"><path d=\"M512 512H0V0h512v512z\"><\/path><\/svg>\t\t\t\t\t\t<\/span>\n\t\t\t\t\t\t\t\t\t\t<span class=\"elementor-icon-list-text\">Inversiones para la recuperaci\u00f3n y transmisi\u00f3n del patrimonio inmaterial asociado a las ventas.<\/span>\n\t\t\t\t\t\t\t\t\t\t\t<\/a>\n\t\t\t\t\t\t\t\t\t<\/li>\n\t\t\t\t\t\t<\/ul>\n\t\t\t\t<\/div>\n\t\t\t\t<\/div>\n\t\t\t\t<\/div>\n\t\t<div class=\"elementor-element elementor-element-cb07eee e-con-full e-flex e-con e-child\" data-id=\"cb07eee\" data-element_type=\"container\">\n\t\t\t\t<div class=\"elementor-element elementor-element-acf705e elementor-widget elementor-widget-image\" data-id=\"acf705e\" data-element_type=\"widget\" data-widget_type=\"image.default\">\n\t\t\t\t<div class=\"elementor-widget-container\">\n\t\t\t\t\t\t\t\t\t\t\t\t\t<img decoding=\"async\" width=\"800\" height=\"457\" src=\"https:\/\/larhun.eu\/wp-content\/uploads\/2024\/10\/pastiralismo-1024x585.png\" class=\"attachment-large size-large wp-image-346\" alt=\"\" srcset=\"https:\/\/larhun.eu\/wp-content\/uploads\/2024\/10\/pastiralismo-1024x585.png 1024w, https:\/\/larhun.eu\/wp-content\/uploads\/2024\/10\/pastiralismo-300x171.png 300w, https:\/\/larhun.eu\/wp-content\/uploads\/2024\/10\/pastiralismo-768x439.png 768w, https:\/\/larhun.eu\/wp-content\/uploads\/2024\/10\/pastiralismo-1536x878.png 1536w, https:\/\/larhun.eu\/wp-content\/uploads\/2024\/10\/pastiralismo-2048x1171.png 2048w\" sizes=\"(max-width: 800px) 100vw, 800px\" \/>\t\t\t\t\t\t\t\t\t\t\t\t\t<\/div>\n\t\t\t\t<\/div>\n\t\t\t\t<\/div>\n\t\t\t\t\t<\/div>\n\t\t\t\t<\/div>\n\t\t<div class=\"elementor-element elementor-element-bc4f0b8 e-flex e-con-boxed e-con e-parent\" data-id=\"bc4f0b8\" data-element_type=\"container\">\n\t\t\t\t\t<div class=\"e-con-inner\">\n\t\t<div class=\"elementor-element elementor-element-1aad2fd e-con-full e-flex e-con e-child\" data-id=\"1aad2fd\" data-element_type=\"container\">\n\t\t\t\t<div class=\"elementor-element elementor-element-705c625 elementor-widget elementor-widget-image\" data-id=\"705c625\" data-element_type=\"widget\" data-widget_type=\"image.default\">\n\t\t\t\t<div class=\"elementor-widget-container\">\n\t\t\t\t\t\t\t\t\t\t\t\t\t<img loading=\"lazy\" decoding=\"async\" width=\"300\" height=\"295\" src=\"https:\/\/larhun.eu\/wp-content\/uploads\/2024\/10\/colaboracion-300x295.png\" class=\"attachment-medium size-medium wp-image-344\" alt=\"\" srcset=\"https:\/\/larhun.eu\/wp-content\/uploads\/2024\/10\/colaboracion-300x295.png 300w, https:\/\/larhun.eu\/wp-content\/uploads\/2024\/10\/colaboracion-1024x1005.png 1024w, https:\/\/larhun.eu\/wp-content\/uploads\/2024\/10\/colaboracion-768x754.png 768w, https:\/\/larhun.eu\/wp-content\/uploads\/2024\/10\/colaboracion-1536x1508.png 1536w, https:\/\/larhun.eu\/wp-content\/uploads\/2024\/10\/colaboracion.png 1754w\" sizes=\"(max-width: 300px) 100vw, 300px\" \/>\t\t\t\t\t\t\t\t\t\t\t\t\t<\/div>\n\t\t\t\t<\/div>\n\t\t\t\t<\/div>\n\t\t<div class=\"elementor-element elementor-element-b565a5f e-con-full e-flex e-con e-child\" data-id=\"b565a5f\" data-element_type=\"container\">\n\t\t\t\t<div class=\"elementor-element elementor-element-b66fd11 elementor-widget elementor-widget-heading\" data-id=\"b66fd11\" data-element_type=\"widget\" data-widget_type=\"heading.default\">\n\t\t\t\t<div class=\"elementor-widget-container\">\n\t\t\t<h2 class=\"elementor-heading-title elementor-size-default\">Crear un cauce de interlocuci\u00f3n que implique un nuevo modelo de gobernanza y colaboraci\u00f3n<\/h2>\t\t<\/div>\n\t\t\t\t<\/div>\n\t\t\t\t<div class=\"elementor-element elementor-element-c3aaf89 elementor-align-left elementor-icon-list--layout-traditional elementor-list-item-link-full_width elementor-widget elementor-widget-icon-list\" data-id=\"c3aaf89\" data-element_type=\"widget\" data-widget_type=\"icon-list.default\">\n\t\t\t\t<div class=\"elementor-widget-container\">\n\t\t\t\t\t<ul class=\"elementor-icon-list-items\">\n\t\t\t\t\t\t\t<li class=\"elementor-icon-list-item\">\n\t\t\t\t\t\t\t\t\t\t\t<a href=\"#\">\n\n\t\t\t\t\t\t\t\t\t\t\t\t<span class=\"elementor-icon-list-icon\">\n\t\t\t\t\t\t\t<svg aria-hidden=\"true\" class=\"e-font-icon-svg e-fas-square-full\" viewBox=\"0 0 512 512\" xmlns=\"http:\/\/www.w3.org\/2000\/svg\"><path d=\"M512 512H0V0h512v512z\"><\/path><\/svg>\t\t\t\t\t\t<\/span>\n\t\t\t\t\t\t\t\t\t\t<span class=\"elementor-icon-list-text\">Crear un espacio com\u00fan en la cima con el cual sensibilizar y hacer part\u00edcipe a la poblaci\u00f3n local, a los visitantes y a los organismos gubernamentales en el ejercicio de puesta en valor y salvaguarda de sus activos medioambientales, paisaj\u00edsticos y patrimoniales<\/span>\n\t\t\t\t\t\t\t\t\t\t\t<\/a>\n\t\t\t\t\t\t\t\t\t<\/li>\n\t\t\t\t\t\t<\/ul>\n\t\t\t\t<\/div>\n\t\t\t\t<\/div>\n\t\t\t\t<\/div>\n\t\t\t\t\t<\/div>\n\t\t\t\t<\/div>\n\t\t\t\t<\/div>\n\t\t","protected":false},"excerpt":{"rendered":"<p>PROYECTO \u00bfDe d\u00f3nde venimos? Situado entre Navarra y el Pirineo Atl\u00e1ntico, el macizo de Larhun se extiende por el territorio de las localidades de Sara, Azkaine, Urru\u00f1a y Bera, configurando perfectamente un espacio transfronterizo compartido. Se trata de un espacio natural y patrimonial de gran valor que requiere una gesti\u00f3n coordinada entre todos los agentes [&hellip;]<\/p>\n","protected":false},"author":3,"featured_media":0,"parent":0,"menu_order":0,"comment_status":"closed","ping_status":"closed","template":"","meta":{"footnotes":""},"class_list":["post-342","page","type-page","status-publish","hentry"],"_links":{"self":[{"href":"https:\/\/larhun.eu\/index.php?rest_route=\/wp\/v2\/pages\/342","targetHints":{"allow":["GET"]}}],"collection":[{"href":"https:\/\/larhun.eu\/index.php?rest_route=\/wp\/v2\/pages"}],"about":[{"href":"https:\/\/larhun.eu\/index.php?rest_route=\/wp\/v2\/types\/page"}],"author":[{"embeddable":true,"href":"https:\/\/larhun.eu\/index.php?rest_route=\/wp\/v2\/users\/3"}],"replies":[{"embeddable":true,"href":"https:\/\/larhun.eu\/index.php?rest_route=%2Fwp%2Fv2%2Fcomments&post=342"}],"version-history":[{"count":11,"href":"https:\/\/larhun.eu\/index.php?rest_route=\/wp\/v2\/pages\/342\/revisions"}],"predecessor-version":[{"id":366,"href":"https:\/\/larhun.eu\/index.php?rest_route=\/wp\/v2\/pages\/342\/revisions\/366"}],"wp:attachment":[{"href":"https:\/\/larhun.eu\/index.php?rest_route=%2Fwp%2Fv2%2Fmedia&parent=342"}],"curies":[{"name":"wp","href":"https:\/\/api.w.org\/{rel}","templated":true}]}}